{"id":9,"date":"2025-03-28T08:24:32","date_gmt":"2025-03-28T08:24:32","guid":{"rendered":"https:\/\/veno-sa.pl\/?page_id=9"},"modified":"2025-03-28T08:24:32","modified_gmt":"2025-03-28T08:24:32","slug":"%f0%9f%8c%9f-o-blogu-%f0%9f%8c%9f","status":"publish","type":"page","link":"https:\/\/veno-sa.pl\/?page_id=9","title":{"rendered":"\ud83c\udf1f O blogu \ud83c\udf1f"},"content":{"rendered":"\n<h3 class=\"wp-block-heading\"><strong>Blog <\/strong>\u201eLogistyka na miar\u0119 przysz\u0142o\u015bci\u201d<strong> powsta\u0142 z my\u015bl\u0105 o osobach, kt\u00f3re pragn\u0105 lepiej zrozumie\u0107 wsp\u00f3\u0142czesne trendy w logistyce \ud83d\udcca\ud83d\udcc8. Autor dzieli si\u0119 praktycznymi poradami dotycz\u0105cymi:<\/strong><\/h3>\n\n\n\n<h3 class=\"wp-block-heading\"><strong>\u2705 Optymalizacji magazynowania \ud83d\udce6 <\/strong><\/h3>\n\n\n\n<p><strong>\u2705 Korzystania z us\u0142ug fulfillment \ud83d\udcec \u2705 Automatyzacji proces\u00f3w logistycznych \ud83e\udd16<\/strong><\/p>\n\n\n\n<p><strong> \u2705 Nowoczesnych technologii w logistyce \ud83d\udd27<\/strong><\/p>\n\n\n\n<h3 class=\"wp-block-heading\">Publikowane artyku\u0142y maj\u0105 charakter merytoryczny<strong>, ale przyst\u0119pny, skierowany zar\u00f3wno do profesjonalist\u00f3w, jak i os\u00f3b pocz\u0105tkuj\u0105cych w bran\u017cy logistycznej \ud83c\udfaf. Blog pomaga zdoby\u0107 wiedz\u0119 potrzebn\u0105 do zwi\u0119kszenia konkurencyjno\u015bci w dynamicznym \u015bwiecie e-commerce \ud83c\udf10\ud83d\udca1.<\/strong><\/h3>\n","protected":false},"excerpt":{"rendered":"<p>Blog \u201eLogistyka na miar\u0119 przysz\u0142o\u015bci\u201d powsta\u0142 z my\u015bl\u0105 o osobach, kt\u00f3re pragn\u0105 lepiej zrozumie\u0107 wsp\u00f3\u0142czesne trendy w logistyce \ud83d\udcca\ud83d\udcc8. Autor dzieli si\u0119 praktycznymi poradami dotycz\u0105cymi: \u2705 Optymalizacji magazynowania \ud83d\udce6 \u2705 Korzystania z us\u0142ug fulfillment \ud83d\udcec \u2705 Automatyzacji proces\u00f3w logistycznych \ud83e\udd16 \u2705 Nowoczesnych technologii w logistyce \ud83d\udd27 Publikowane artyku\u0142y maj\u0105 charakter merytoryczny, ale przyst\u0119pny, skierowany zar\u00f3wno [&hellip;]<\/p>\n","protected":false},"author":1,"featured_media":0,"parent":0,"menu_order":0,"comment_status":"closed","ping_status":"closed","template":"","meta":{"footnotes":""},"class_list":["post-9","page","type-page","status-publish","hentry"],"_links":{"self":[{"href":"https:\/\/veno-sa.pl\/index.php?rest_route=\/wp\/v2\/pages\/9","targetHints":{"allow":["GET"]}}],"collection":[{"href":"https:\/\/veno-sa.pl\/index.php?rest_route=\/wp\/v2\/pages"}],"about":[{"href":"https:\/\/veno-sa.pl\/index.php?rest_route=\/wp\/v2\/types\/page"}],"author":[{"embeddable":true,"href":"https:\/\/veno-sa.pl\/index.php?rest_route=\/wp\/v2\/users\/1"}],"replies":[{"embeddable":true,"href":"https:\/\/veno-sa.pl\/index.php?rest_route=%2Fwp%2Fv2%2Fcomments&post=9"}],"version-history":[{"count":0,"href":"https:\/\/veno-sa.pl\/index.php?rest_route=\/wp\/v2\/pages\/9\/revisions"}],"wp:attachment":[{"href":"https:\/\/veno-sa.pl\/index.php?rest_route=%2Fwp%2Fv2%2Fmedia&parent=9"}],"curies":[{"name":"wp","href":"https:\/\/api.w.org\/{rel}","templated":true}]}}